{"id":109,"date":"2014-11-03T16:56:43","date_gmt":"2014-11-03T15:56:43","guid":{"rendered":"http:\/\/gestoriaolivella.com\/?page_id=109"},"modified":"2017-11-28T19:47:10","modified_gmt":"2017-11-28T18:47:10","slug":"portada","status":"publish","type":"page","link":"https:\/\/gestoriaolivella.com\/es\/","title":{"rendered":"Portada"},"content":{"rendered":"\n\t\t\t<!-- START Portada  ES REVOLUTION SLIDER 6.5.19 --><p class=\"rs-p-wp-fix\"><\/p>\n\t\t\t<rs-module-wrap id=\"rev_slider_3_1_wrapper\" data-source=\"gallery\" data-aimg=\"\"  style=\"visibility:hidden;background:#E9E9E9;padding:0;margin:0px auto;margin-top:-7;margin-bottom:0;\">\n\t\t\t\t<rs-module id=\"rev_slider_3_1\" style=\"\" data-version=\"6.5.19\">\n\t\t\t\t\t<rs-slides>\n\t\t\t\t\t\t<rs-slide style=\"position: absolute;\" data-key=\"rs-11\" data-title=\"Slide\" data-thumb=\"\/\/gestoriaolivella.com\/wp-content\/uploads\/2017\/07\/slide-05-100x50.jpg\" data-in=\"o:0;\">\n\t\t\t\t\t\t\t<img decoding=\"async\" src=\"\/\/gestoriaolivella.com\/wp-content\/plugins\/revslider\/public\/assets\/assets\/dummy.png\" alt=\"\" title=\"Portada\" class=\"rev-slidebg tp-rs-img rs-lazyload\" data-lazyload=\"\/\/gestoriaolivella.com\/wp-content\/uploads\/2017\/07\/slide-05.jpg\" data-bg=\"p:left center;\" data-parallax=\"off\" data-no-retina>\n<!--\n\t\t\t\t\t\t\t--><rs-layer\n\t\t\t\t\t\t\t\tid=\"slider-3-slide-11-layer-1\" \n\t\t\t\t\t\t\t\tclass=\"A_olivella\"\n\t\t\t\t\t\t\t\tdata-type=\"text\"\n\t\t\t\t\t\t\t\tdata-color=\"#ffffff\"\n\t\t\t\t\t\t\t\tdata-rsp_ch=\"on\"\n\t\t\t\t\t\t\t\tdata-xy=\"x:42px;y:283px;\"\n\t\t\t\t\t\t\t\tdata-text=\"w:normal;s:28;l:36;ls:0px;fw:700;a:inherit;\"\n\t\t\t\t\t\t\t\tdata-dim=\"w:860px;\"\n\t\t\t\t\t\t\t\tdata-padding=\"l:20;\"\n\t\t\t\t\t\t\t\tdata-frame_0=\"tp:600;\"\n\t\t\t\t\t\t\t\tdata-frame_1=\"tp:600;e:power4.inOut;st:500;sp:2000;sR:500;\"\n\t\t\t\t\t\t\t\tdata-frame_999=\"o:0;tp:600;e:power2.in;st:w;sp:1000;sR:6500;\"\n\t\t\t\t\t\t\t\tstyle=\"z-index:5;font-family:'Merriweather';text-shadow:rgba(0, 0, 0, 0.5) 0px 0px 5px;\"\n\t\t\t\t\t\t\t>Gestor\u00eda Olivella desde sus or\u00edgenes en\n1939 ha dado servicio en el \u00e1mbito asegurador\ncaracteriz\u00e1ndose por la seriedad y la eficacia\nen el trabajo realizado. \n\t\t\t\t\t\t\t<\/rs-layer><!--\n-->\t\t\t\t\t\t<\/rs-slide>\n\t\t\t\t\t\t<rs-slide style=\"position: absolute;\" data-key=\"rs-12\" data-title=\"Slide\" data-thumb=\"\/\/gestoriaolivella.com\/wp-content\/uploads\/2017\/07\/slide-01-100x50.jpg\" data-in=\"o:0;\">\n\t\t\t\t\t\t\t<img decoding=\"async\" src=\"\/\/gestoriaolivella.com\/wp-content\/plugins\/revslider\/public\/assets\/assets\/dummy.png\" alt=\"\" title=\"Portada\" class=\"rev-slidebg tp-rs-img rs-lazyload\" data-lazyload=\"\/\/gestoriaolivella.com\/wp-content\/uploads\/2017\/07\/slide-01.jpg\" data-bg=\"p:center top;\" data-parallax=\"off\" data-no-retina>\n<!--\n\t\t\t\t\t\t\t--><rs-layer\n\t\t\t\t\t\t\t\tid=\"slider-3-slide-12-layer-1\" \n\t\t\t\t\t\t\t\tclass=\"A_olivella\"\n\t\t\t\t\t\t\t\tdata-type=\"text\"\n\t\t\t\t\t\t\t\tdata-color=\"#ffffff\"\n\t\t\t\t\t\t\t\tdata-rsp_ch=\"on\"\n\t\t\t\t\t\t\t\tdata-xy=\"x:r;xo:76px;y:b;yo:76px;\"\n\t\t\t\t\t\t\t\tdata-text=\"w:normal;s:28;l:36;fw:700;a:inherit;\"\n\t\t\t\t\t\t\t\tdata-dim=\"w:744px;h:264px;\"\n\t\t\t\t\t\t\t\tdata-frame_0=\"tp:600;\"\n\t\t\t\t\t\t\t\tdata-frame_1=\"tp:600;st:500;sR:500;\"\n\t\t\t\t\t\t\t\tdata-frame_999=\"st:w;sR:8200;auto:true;\"\n\t\t\t\t\t\t\t\tstyle=\"z-index:5;font-family:'Merriweather';text-shadow:rgba(0, 0, 0, 0.5) 0px 0px 5px;\"\n\t\t\t\t\t\t\t>Buscamos optimizar la situaci\u00f3n tributaria tan de empresas como de personas f\u00edsicas mediante la b\u00fasqueda de las ventajas fiscales que el sistema impositivo ofrece. \n\t\t\t\t\t\t\t<\/rs-layer><!--\n-->\t\t\t\t\t\t<\/rs-slide>\n\t\t\t\t\t\t<rs-slide style=\"position: absolute;\" data-key=\"rs-13\" data-title=\"Slide\" data-thumb=\"\/\/gestoriaolivella.com\/wp-content\/uploads\/2017\/07\/slide-04-100x50.jpg\" data-in=\"o:0;\">\n\t\t\t\t\t\t\t<img decoding=\"async\" src=\"\/\/gestoriaolivella.com\/wp-content\/plugins\/revslider\/public\/assets\/assets\/dummy.png\" alt=\"\" title=\"Portada\" class=\"rev-slidebg tp-rs-img rs-lazyload\" data-lazyload=\"\/\/gestoriaolivella.com\/wp-content\/uploads\/2017\/07\/slide-04.jpg\" data-bg=\"p:center top;\" data-parallax=\"off\" data-no-retina>\n<!--\n\t\t\t\t\t\t\t--><rs-layer\n\t\t\t\t\t\t\t\tid=\"slider-3-slide-13-layer-1\" \n\t\t\t\t\t\t\t\tclass=\"A_olivella\"\n\t\t\t\t\t\t\t\tdata-type=\"text\"\n\t\t\t\t\t\t\t\tdata-color=\"#ffffff\"\n\t\t\t\t\t\t\t\tdata-rsp_ch=\"on\"\n\t\t\t\t\t\t\t\tdata-xy=\"x:48px;y:33px;\"\n\t\t\t\t\t\t\t\tdata-text=\"w:normal;s:28;l:36;fw:700;a:inherit;\"\n\t\t\t\t\t\t\t\tdata-dim=\"w:731px;h:109px;\"\n\t\t\t\t\t\t\t\tdata-frame_0=\"y:-50px;tp:600;\"\n\t\t\t\t\t\t\t\tdata-frame_1=\"tp:600;st:500;sR:500;\"\n\t\t\t\t\t\t\t\tdata-frame_999=\"st:w;sR:8200;auto:true;\"\n\t\t\t\t\t\t\t\tstyle=\"z-index:5;font-family:'Merriweather';text-shadow:rgba(0, 0, 0, 0.5) 0px 0px 5px;\"\n\t\t\t\t\t\t\t>Nos encargamos del asesoramiento legal y fiscal en la vertiente de sociedades mercantiles y en materia se sucesiones desde el prisma empresarial \n\t\t\t\t\t\t\t<\/rs-layer><!--\n-->\t\t\t\t\t\t<\/rs-slide>\n\t\t\t\t\t\t<rs-slide style=\"position: absolute;\" data-key=\"rs-14\" data-title=\"Slide\" data-thumb=\"\/\/gestoriaolivella.com\/wp-content\/uploads\/2017\/07\/slide-03-100x50.jpg\" data-in=\"o:0;\" data-out=\"a:false;\">\n\t\t\t\t\t\t\t<img decoding=\"async\" src=\"\/\/gestoriaolivella.com\/wp-content\/plugins\/revslider\/public\/assets\/assets\/dummy.png\" alt=\"\" title=\"Portada\" class=\"rev-slidebg tp-rs-img rs-lazyload\" data-lazyload=\"\/\/gestoriaolivella.com\/wp-content\/uploads\/2017\/07\/slide-03.jpg\" data-bg=\"p:center top;\" data-parallax=\"off\" data-no-retina>\n<!---->\t\t\t\t\t\t<\/rs-slide>\n\t\t\t\t\t\t<rs-slide style=\"position: absolute;\" data-key=\"rs-15\" data-title=\"Slide\" data-thumb=\"\/\/gestoriaolivella.com\/wp-content\/uploads\/2017\/11\/slide-06-100x50.jpg\" data-in=\"o:0;\">\n\t\t\t\t\t\t\t<img decoding=\"async\" src=\"\/\/gestoriaolivella.com\/wp-content\/plugins\/revslider\/public\/assets\/assets\/dummy.png\" alt=\"\" title=\"Portada\" class=\"rev-slidebg tp-rs-img rs-lazyload\" data-lazyload=\"\/\/gestoriaolivella.com\/wp-content\/uploads\/2017\/11\/slide-06.jpg\" data-bg=\"p:center top;\" data-parallax=\"off\" data-no-retina>\n<!---->\t\t\t\t\t\t<\/rs-slide>\n\t\t\t\t\t<\/rs-slides>\n\t\t\t\t<\/rs-module>\n\t\t\t\t<script>\n\t\t\t\t\tsetREVStartSize({c: 'rev_slider_3_1',rl:[1240,1024,778,480],el:[],gw:[960],gh:[450],type:'standard',justify:'',layout:'fullwidth',mh:\"450\"});if (window.RS_MODULES!==undefined && window.RS_MODULES.modules!==undefined && window.RS_MODULES.modules[\"revslider31\"]!==undefined) {window.RS_MODULES.modules[\"revslider31\"].once = false;window.revapi3 = undefined;if (window.RS_MODULES.checkMinimal!==undefined) window.RS_MODULES.checkMinimal()}\n\t\t\t\t<\/script>\n\t\t\t<\/rs-module-wrap>\n\t\t\t<!-- END REVOLUTION SLIDER -->\n\n","protected":false},"excerpt":{"rendered":"","protected":false},"author":2,"featured_media":0,"parent":0,"menu_order":0,"comment_status":"open","ping_status":"closed","template":"page-templates\/front-page.php","meta":{"footnotes":""},"class_list":["post-109","page","type-page","status-publish","hentry"],"_links":{"self":[{"href":"https:\/\/gestoriaolivella.com\/es\/wp-json\/wp\/v2\/pages\/109","targetHints":{"allow":["GET"]}}],"collection":[{"href":"https:\/\/gestoriaolivella.com\/es\/wp-json\/wp\/v2\/pages"}],"about":[{"href":"https:\/\/gestoriaolivella.com\/es\/wp-json\/wp\/v2\/types\/page"}],"author":[{"embeddable":true,"href":"https:\/\/gestoriaolivella.com\/es\/wp-json\/wp\/v2\/users\/2"}],"replies":[{"embeddable":true,"href":"https:\/\/gestoriaolivella.com\/es\/wp-json\/wp\/v2\/comments?post=109"}],"version-history":[{"count":3,"href":"https:\/\/gestoriaolivella.com\/es\/wp-json\/wp\/v2\/pages\/109\/revisions"}],"predecessor-version":[{"id":264,"href":"https:\/\/gestoriaolivella.com\/es\/wp-json\/wp\/v2\/pages\/109\/revisions\/264"}],"wp:attachment":[{"href":"https:\/\/gestoriaolivella.com\/es\/wp-json\/wp\/v2\/media?parent=109"}],"curies":[{"name":"wp","href":"https:\/\/api.w.org\/{rel}","templated":true}]}}